{"id":4220,"date":"2022-02-28T17:10:01","date_gmt":"2022-02-28T17:10:01","guid":{"rendered":"https:\/\/fintechcadence.com\/?page_id=4220"},"modified":"2025-11-24T18:02:14","modified_gmt":"2025-11-24T18:02:14","slug":"press-room","status":"publish","type":"page","link":"https:\/\/fintechcadence.com\/fr\/press-room\/","title":{"rendered":"Salle de presse"},"content":{"rendered":"<div data-elementor-type=\"wp-page\" data-elementor-id=\"4220\" class=\"elementor elementor-4220\" data-elementor-post-type=\"page\">\n\t\t\t\t\t\t<section class=\"elementor-section elementor-top-section elementor-element elementor-element-674e5df elementor-section-boxed elementor-section-height-default elementor-section-height-default\" data-id=\"674e5df\" data-element_type=\"section\" data-e-type=\"section\">\n\t\t\t\t\t\t<div class=\"elementor-container elementor-column-gap-default\">\n\t\t\t\t\t<div class=\"elementor-column elementor-col-100 elementor-top-column elementor-element elementor-element-28fe888\" data-id=\"28fe888\" data-element_type=\"column\" data-e-type=\"column\">\n\t\t\t<div class=\"elementor-widget-wrap elementor-element-populated\">\n\t\t\t\t\t\t\t<\/div>\n\t\t<\/div>\n\t\t\t\t\t<\/div>\n\t\t<\/section>\n\t\t\t\t<section class=\"elementor-section elementor-top-section elementor-element elementor-element-7d6626f elementor-section-boxed elementor-section-height-default elementor-section-height-default\" data-id=\"7d6626f\" data-element_type=\"section\" data-e-type=\"section\">\n\t\t\t\t\t\t<div class=\"elementor-container elementor-column-gap-default\">\n\t\t\t\t\t<div class=\"elementor-column elementor-col-100 elementor-top-column elementor-element elementor-element-1a690aa\" data-id=\"1a690aa\" data-element_type=\"column\" data-e-type=\"column\">\n\t\t\t<div class=\"elementor-widget-wrap elementor-element-populated\">\n\t\t\t\t\t\t<div class=\"elementor-element elementor-element-a0f86bc elementor-widget elementor-widget-heading\" data-id=\"a0f86bc\" data-element_type=\"widget\" data-e-type=\"widget\" data-widget_type=\"heading.default\">\n\t\t\t\t<div class=\"elementor-widget-container\">\n\t\t\t\t\t<h2 class=\"elementor-heading-title elementor-size-default\">Salle de Presse<\/h2>\t\t\t\t<\/div>\n\t\t\t\t<\/div>\n\t\t\t\t\t<\/div>\n\t\t<\/div>\n\t\t\t\t\t<\/div>\n\t\t<\/section>\n\t\t\t\t<section class=\"elementor-section elementor-top-section elementor-element elementor-element-3aaa754 elementor-section-boxed elementor-section-height-default elementor-section-height-default\" data-id=\"3aaa754\" data-element_type=\"section\" data-e-type=\"section\">\n\t\t\t\t\t\t<div class=\"elementor-container elementor-column-gap-default\">\n\t\t\t\t\t<div class=\"elementor-column elementor-col-100 elementor-top-column elementor-element elementor-element-4a069b4\" data-id=\"4a069b4\" data-element_type=\"column\" data-e-type=\"column\">\n\t\t\t<div class=\"elementor-widget-wrap\">\n\t\t\t\t\t\t\t<\/div>\n\t\t<\/div>\n\t\t\t\t\t<\/div>\n\t\t<\/section>\n\t\t\t\t<section class=\"elementor-section elementor-top-section elementor-element elementor-element-4fd0d34 elementor-section-boxed elementor-section-height-default elementor-section-height-default\" data-id=\"4fd0d34\" data-element_type=\"section\" data-e-type=\"section\">\n\t\t\t\t\t\t<div class=\"elementor-container elementor-column-gap-default\">\n\t\t\t\t\t<div class=\"elementor-column elementor-col-100 elementor-top-column elementor-element elementor-element-bce0b97\" data-id=\"bce0b97\" data-element_type=\"column\" data-e-type=\"column\">\n\t\t\t<div class=\"elementor-widget-wrap elementor-element-populated\">\n\t\t\t\t\t\t<div class=\"elementor-element elementor-element-d5c6824 elementor-grid-3 elementor-grid-tablet-2 elementor-grid-mobile-1 elementor-posts--thumbnail-top elementor-widget elementor-widget-posts\" data-id=\"d5c6824\" data-element_type=\"widget\" data-e-type=\"widget\" data-settings=\"{&quot;classic_columns&quot;:&quot;3&quot;,&quot;classic_columns_tablet&quot;:&quot;2&quot;,&quot;classic_columns_mobile&quot;:&quot;1&quot;,&quot;classic_row_gap&quot;:{&quot;unit&quot;:&quot;px&quot;,&quot;size&quot;:35,&quot;sizes&quot;:[]},&quot;classic_row_gap_tablet&quot;:{&quot;unit&quot;:&quot;px&quot;,&quot;size&quot;:&quot;&quot;,&quot;sizes&quot;:[]},&quot;classic_row_gap_mobile&quot;:{&quot;unit&quot;:&quot;px&quot;,&quot;size&quot;:&quot;&quot;,&quot;sizes&quot;:[]}}\" data-widget_type=\"posts.classic\">\n\t\t\t\t<div class=\"elementor-widget-container\">\n\t\t\t\t\t\t\t<div class=\"elementor-posts-container elementor-posts elementor-posts--skin-classic elementor-grid\">\n\t\t\t\t<article class=\"elementor-post elementor-grid-item post-11633 post type-post status-publish format-standard has-post-thumbnail hentry category-fc-blogs-news category-press-room\">\n\t\t\t\t<a class=\"elementor-post__thumbnail__link\" href=\"https:\/\/fintechcadence.com\/fr\/blog-posts\/fsra-and-fintech-cadence-partnership-announcement-ascension\/\" tabindex=\"-1\" >\n\t\t\t<div class=\"elementor-post__thumbnail\"><img fetchpriority=\"high\" decoding=\"async\" width=\"300\" height=\"169\" src=\"https:\/\/fintechcadence.com\/wp-content\/uploads\/2025\/11\/FSRA-Visual-EN-300x169.png\" class=\"attachment-medium size-medium wp-image-11640\" alt=\"\" srcset=\"https:\/\/fintechcadence.com\/wp-content\/uploads\/2025\/11\/FSRA-Visual-EN-300x169.png 300w, https:\/\/fintechcadence.com\/wp-content\/uploads\/2025\/11\/FSRA-Visual-EN-1024x576.png 1024w, https:\/\/fintechcadence.com\/wp-content\/uploads\/2025\/11\/FSRA-Visual-EN-768x432.png 768w, https:\/\/fintechcadence.com\/wp-content\/uploads\/2025\/11\/FSRA-Visual-EN-1536x864.png 1536w, https:\/\/fintechcadence.com\/wp-content\/uploads\/2025\/11\/FSRA-Visual-EN-2048x1152.png 2048w, https:\/\/fintechcadence.com\/wp-content\/uploads\/2025\/11\/FSRA-Visual-EN-18x10.png 18w\" sizes=\"(max-width: 300px) 100vw, 300px\" \/><\/div>\n\t\t<\/a>\n\t\t\t\t<div class=\"elementor-post__text\">\n\t\t\t\t<h3 class=\"elementor-post__title\">\n\t\t\t<a href=\"https:\/\/fintechcadence.com\/fr\/blog-posts\/fsra-and-fintech-cadence-partnership-announcement-ascension\/\" >\n\t\t\t\tFSRA and Fintech Cadence Partnership Announcement Ascension\t\t\t<\/a>\n\t\t<\/h3>\n\t\t\t\t<div class=\"elementor-post__meta-data\">\n\t\t\t\t\t<span class=\"elementor-post-date\">\n\t\t\tnovembre 24, 2025\t\t<\/span>\n\t\t\t\t<span class=\"elementor-post-avatar\">\n\t\t\tPas de commentaire\t\t<\/span>\n\t\t\t\t<\/div>\n\t\t\t\t<div class=\"elementor-post__excerpt\">\n\t\t\t<p>Toronto, Ontario \u2013 November 24th, 2025 Fintech Cadence is proud to announce a new partnership with the Financial Services Regulatory Authority of Ontario (FSRA), joining<\/p>\n\t\t<\/div>\n\t\t\n\t\t<a class=\"elementor-post__read-more\" href=\"https:\/\/fintechcadence.com\/fr\/blog-posts\/fsra-and-fintech-cadence-partnership-announcement-ascension\/\" aria-label=\"Read more about FSRA and Fintech Cadence Partnership Announcement Ascension\" tabindex=\"-1\" >\n\t\t\tLire plus \u00bb\t\t<\/a>\n\n\t\t\t\t<\/div>\n\t\t\t\t<\/article>\n\t\t\t\t<article class=\"elementor-post elementor-grid-item post-10856 post type-post status-publish format-standard has-post-thumbnail hentry category-blog-posts category-fc-blogs-news category-press-room\">\n\t\t\t\t<a class=\"elementor-post__thumbnail__link\" href=\"https:\/\/fintechcadence.com\/fr\/blog-posts\/fintech-introduces-alberta-champions-group\/\" tabindex=\"-1\" >\n\t\t\t<div class=\"elementor-post__thumbnail\"><img decoding=\"async\" width=\"300\" height=\"269\" src=\"https:\/\/fintechcadence.com\/wp-content\/uploads\/2025\/03\/ACG-14-11-300x269.png\" class=\"attachment-medium size-medium wp-image-10879\" alt=\"\" srcset=\"https:\/\/fintechcadence.com\/wp-content\/uploads\/2025\/03\/ACG-14-11-300x269.png 300w, https:\/\/fintechcadence.com\/wp-content\/uploads\/2025\/03\/ACG-14-11-1024x920.png 1024w, https:\/\/fintechcadence.com\/wp-content\/uploads\/2025\/03\/ACG-14-11-768x690.png 768w, https:\/\/fintechcadence.com\/wp-content\/uploads\/2025\/03\/ACG-14-11-1536x1380.png 1536w, https:\/\/fintechcadence.com\/wp-content\/uploads\/2025\/03\/ACG-14-11-2048x1839.png 2048w, https:\/\/fintechcadence.com\/wp-content\/uploads\/2025\/03\/ACG-14-11-13x12.png 13w\" sizes=\"(max-width: 300px) 100vw, 300px\" \/><\/div>\n\t\t<\/a>\n\t\t\t\t<div class=\"elementor-post__text\">\n\t\t\t\t<h3 class=\"elementor-post__title\">\n\t\t\t<a href=\"https:\/\/fintechcadence.com\/fr\/blog-posts\/fintech-introduces-alberta-champions-group\/\" >\n\t\t\t\tFintech Cadence introduces &#8220;Alberta Champions Group&#8221;\t\t\t<\/a>\n\t\t<\/h3>\n\t\t\t\t<div class=\"elementor-post__meta-data\">\n\t\t\t\t\t<span class=\"elementor-post-date\">\n\t\t\tmars 18, 2025\t\t<\/span>\n\t\t\t\t<span class=\"elementor-post-avatar\">\n\t\t\tPas de commentaire\t\t<\/span>\n\t\t\t\t<\/div>\n\t\t\t\t<div class=\"elementor-post__excerpt\">\n\t\t\t<p>Alberta Champions Group is dedicated to empowering and Elevating the Fintech Ecosystem across the province. Calgary, AB, March 18th, 2025 Fintech Cadence is thrilled to<\/p>\n\t\t<\/div>\n\t\t\n\t\t<a class=\"elementor-post__read-more\" href=\"https:\/\/fintechcadence.com\/fr\/blog-posts\/fintech-introduces-alberta-champions-group\/\" aria-label=\"Read more about Fintech Cadence introduces &#8220;Alberta Champions Group&#8221;\" tabindex=\"-1\" >\n\t\t\tLire plus \u00bb\t\t<\/a>\n\n\t\t\t\t<\/div>\n\t\t\t\t<\/article>\n\t\t\t\t<article class=\"elementor-post elementor-grid-item post-10807 post type-post status-publish format-standard has-post-thumbnail hentry category-blog-posts category-fc-blogs-news category-press-room\">\n\t\t\t\t<a class=\"elementor-post__thumbnail__link\" href=\"https:\/\/fintechcadence.com\/fr\/blog-posts\/visa-and-fintech-cadence-collaboration\/\" tabindex=\"-1\" >\n\t\t\t<div class=\"elementor-post__thumbnail\"><img decoding=\"async\" width=\"300\" height=\"169\" src=\"https:\/\/fintechcadence.com\/wp-content\/uploads\/2025\/03\/VISA-Visual-_-3-b-300x169.png\" class=\"attachment-medium size-medium wp-image-10811\" alt=\"\" srcset=\"https:\/\/fintechcadence.com\/wp-content\/uploads\/2025\/03\/VISA-Visual-_-3-b-300x169.png 300w, https:\/\/fintechcadence.com\/wp-content\/uploads\/2025\/03\/VISA-Visual-_-3-b-1024x576.png 1024w, https:\/\/fintechcadence.com\/wp-content\/uploads\/2025\/03\/VISA-Visual-_-3-b-768x432.png 768w, https:\/\/fintechcadence.com\/wp-content\/uploads\/2025\/03\/VISA-Visual-_-3-b-1536x864.png 1536w, https:\/\/fintechcadence.com\/wp-content\/uploads\/2025\/03\/VISA-Visual-_-3-b-2048x1152.png 2048w, https:\/\/fintechcadence.com\/wp-content\/uploads\/2025\/03\/VISA-Visual-_-3-b-18x10.png 18w\" sizes=\"(max-width: 300px) 100vw, 300px\" \/><\/div>\n\t\t<\/a>\n\t\t\t\t<div class=\"elementor-post__text\">\n\t\t\t\t<h3 class=\"elementor-post__title\">\n\t\t\t<a href=\"https:\/\/fintechcadence.com\/fr\/blog-posts\/visa-and-fintech-cadence-collaboration\/\" >\n\t\t\t\tFintech Cadence et Visa unissent leurs forces pour soutenir l'innovation dans le domaine des paiements.\t\t\t<\/a>\n\t\t<\/h3>\n\t\t\t\t<div class=\"elementor-post__meta-data\">\n\t\t\t\t\t<span class=\"elementor-post-date\">\n\t\t\tmars 3, 2025\t\t<\/span>\n\t\t\t\t<span class=\"elementor-post-avatar\">\n\t\t\tPas de commentaire\t\t<\/span>\n\t\t\t\t<\/div>\n\t\t\t\t<div class=\"elementor-post__excerpt\">\n\t\t\t<p>Fintech Cadence and Visa join forces to support payment innovation in Canada Montreal, QC, March 4th, 2025 Fintech Cadence, Canada\u2019s leading fintech incubator and Visa,<\/p>\n\t\t<\/div>\n\t\t\n\t\t<a class=\"elementor-post__read-more\" href=\"https:\/\/fintechcadence.com\/fr\/blog-posts\/visa-and-fintech-cadence-collaboration\/\" aria-label=\"Read more about Fintech Cadence and Visa join forces to support payment innovation in Canada\" tabindex=\"-1\" >\n\t\t\tLire plus \u00bb\t\t<\/a>\n\n\t\t\t\t<\/div>\n\t\t\t\t<\/article>\n\t\t\t\t<article class=\"elementor-post elementor-grid-item post-10602 post type-post status-publish format-standard has-post-thumbnail hentry category-fc-blogs-news category-press-room\">\n\t\t\t\t<a class=\"elementor-post__thumbnail__link\" href=\"https:\/\/fintechcadence.com\/fr\/blog-posts\/fsra-and-fintech-cadence-partnership-announcement\/\" tabindex=\"-1\" >\n\t\t\t<div class=\"elementor-post__thumbnail\"><img loading=\"lazy\" decoding=\"async\" width=\"300\" height=\"169\" src=\"https:\/\/fintechcadence.com\/wp-content\/uploads\/2024\/09\/FSRA-Visual-_-2-5-1-300x169.png\" class=\"attachment-medium size-medium wp-image-10609\" alt=\"\" srcset=\"https:\/\/fintechcadence.com\/wp-content\/uploads\/2024\/09\/FSRA-Visual-_-2-5-1-300x169.png 300w, https:\/\/fintechcadence.com\/wp-content\/uploads\/2024\/09\/FSRA-Visual-_-2-5-1-1024x576.png 1024w, https:\/\/fintechcadence.com\/wp-content\/uploads\/2024\/09\/FSRA-Visual-_-2-5-1-768x432.png 768w, https:\/\/fintechcadence.com\/wp-content\/uploads\/2024\/09\/FSRA-Visual-_-2-5-1-1536x864.png 1536w, https:\/\/fintechcadence.com\/wp-content\/uploads\/2024\/09\/FSRA-Visual-_-2-5-1-2048x1152.png 2048w, https:\/\/fintechcadence.com\/wp-content\/uploads\/2024\/09\/FSRA-Visual-_-2-5-1-18x10.png 18w\" sizes=\"(max-width: 300px) 100vw, 300px\" \/><\/div>\n\t\t<\/a>\n\t\t\t\t<div class=\"elementor-post__text\">\n\t\t\t\t<h3 class=\"elementor-post__title\">\n\t\t\t<a href=\"https:\/\/fintechcadence.com\/fr\/blog-posts\/fsra-and-fintech-cadence-partnership-announcement\/\" >\n\t\t\t\tFSRA and Fintech Cadence Partnership Announcement\t\t\t<\/a>\n\t\t<\/h3>\n\t\t\t\t<div class=\"elementor-post__meta-data\">\n\t\t\t\t\t<span class=\"elementor-post-date\">\n\t\t\tseptembre 19, 2024\t\t<\/span>\n\t\t\t\t<span class=\"elementor-post-avatar\">\n\t\t\tPas de commentaire\t\t<\/span>\n\t\t\t\t<\/div>\n\t\t\t\t<div class=\"elementor-post__excerpt\">\n\t\t\t<p>Ontario\u2019s Financial Services Regulator and Fintech Cadence Partner to Support Fintech Innovation in Ontario This partnership will help pave the way for the introduction of<\/p>\n\t\t<\/div>\n\t\t\n\t\t<a class=\"elementor-post__read-more\" href=\"https:\/\/fintechcadence.com\/fr\/blog-posts\/fsra-and-fintech-cadence-partnership-announcement\/\" aria-label=\"Read more about FSRA and Fintech Cadence Partnership Announcement\" tabindex=\"-1\" >\n\t\t\tLire plus \u00bb\t\t<\/a>\n\n\t\t\t\t<\/div>\n\t\t\t\t<\/article>\n\t\t\t\t<article class=\"elementor-post elementor-grid-item post-10588 post type-post status-publish format-standard has-post-thumbnail hentry category-fc-blogs-news category-press-room\">\n\t\t\t\t<a class=\"elementor-post__thumbnail__link\" href=\"https:\/\/fintechcadence.com\/fr\/blog-posts\/deal-point-partners-with-fintech-cadence\/\" tabindex=\"-1\" >\n\t\t\t<div class=\"elementor-post__thumbnail\"><img loading=\"lazy\" decoding=\"async\" width=\"300\" height=\"169\" src=\"https:\/\/fintechcadence.com\/wp-content\/uploads\/2024\/09\/dealpoint-partnership-1-300x169.png\" class=\"attachment-medium size-medium wp-image-10610\" alt=\"\" srcset=\"https:\/\/fintechcadence.com\/wp-content\/uploads\/2024\/09\/dealpoint-partnership-1-300x169.png 300w, https:\/\/fintechcadence.com\/wp-content\/uploads\/2024\/09\/dealpoint-partnership-1-1024x576.png 1024w, https:\/\/fintechcadence.com\/wp-content\/uploads\/2024\/09\/dealpoint-partnership-1-768x432.png 768w, https:\/\/fintechcadence.com\/wp-content\/uploads\/2024\/09\/dealpoint-partnership-1-1536x864.png 1536w, https:\/\/fintechcadence.com\/wp-content\/uploads\/2024\/09\/dealpoint-partnership-1-2048x1152.png 2048w, https:\/\/fintechcadence.com\/wp-content\/uploads\/2024\/09\/dealpoint-partnership-1-18x10.png 18w\" sizes=\"(max-width: 300px) 100vw, 300px\" \/><\/div>\n\t\t<\/a>\n\t\t\t\t<div class=\"elementor-post__text\">\n\t\t\t\t<h3 class=\"elementor-post__title\">\n\t\t\t<a href=\"https:\/\/fintechcadence.com\/fr\/blog-posts\/deal-point-partners-with-fintech-cadence\/\" >\n\t\t\t\tDeal Point Partners with Fintech Cadence\t\t\t<\/a>\n\t\t<\/h3>\n\t\t\t\t<div class=\"elementor-post__meta-data\">\n\t\t\t\t\t<span class=\"elementor-post-date\">\n\t\t\tseptembre 18, 2024\t\t<\/span>\n\t\t\t\t<span class=\"elementor-post-avatar\">\n\t\t\tPas de commentaire\t\t<\/span>\n\t\t\t\t<\/div>\n\t\t\t\t<div class=\"elementor-post__excerpt\">\n\t\t\t<p>PARTNERING TO ADVANCE THE FINTECH FOUNDER EXPERIENCE SEPTEMBER 19th, 2024\u00a0-Calgary, AB,\u00a0 DealPoint, the leading platform for streamlining private capital raising, is thrilled to announce a<\/p>\n\t\t<\/div>\n\t\t\n\t\t<a class=\"elementor-post__read-more\" href=\"https:\/\/fintechcadence.com\/fr\/blog-posts\/deal-point-partners-with-fintech-cadence\/\" aria-label=\"Read more about Deal Point Partners with Fintech Cadence\" tabindex=\"-1\" >\n\t\t\tLire plus \u00bb\t\t<\/a>\n\n\t\t\t\t<\/div>\n\t\t\t\t<\/article>\n\t\t\t\t<article class=\"elementor-post elementor-grid-item post-6304 post type-post status-publish format-standard has-post-thumbnail hentry category-fc-blogs-news category-press-room\">\n\t\t\t\t<a class=\"elementor-post__thumbnail__link\" href=\"https:\/\/fintechcadence.com\/fr\/blog-posts\/fintech-hub-now-available-to-atlantic-canadian-startups-to-accelerate-growth-atlantic-fintech-and-fintech-cadence-announce-expanded-partnership\/\" tabindex=\"-1\" >\n\t\t\t<div class=\"elementor-post__thumbnail\"><img loading=\"lazy\" decoding=\"async\" width=\"300\" height=\"169\" src=\"https:\/\/fintechcadence.com\/wp-content\/uploads\/2023\/01\/Visual-AF-PR-1-1-300x169.png\" class=\"attachment-medium size-medium wp-image-11816\" alt=\"\" srcset=\"https:\/\/fintechcadence.com\/wp-content\/uploads\/2023\/01\/Visual-AF-PR-1-1-300x169.png 300w, https:\/\/fintechcadence.com\/wp-content\/uploads\/2023\/01\/Visual-AF-PR-1-1-1024x576.png 1024w, https:\/\/fintechcadence.com\/wp-content\/uploads\/2023\/01\/Visual-AF-PR-1-1-768x432.png 768w, https:\/\/fintechcadence.com\/wp-content\/uploads\/2023\/01\/Visual-AF-PR-1-1-1536x864.png 1536w, https:\/\/fintechcadence.com\/wp-content\/uploads\/2023\/01\/Visual-AF-PR-1-1-2048x1152.png 2048w, https:\/\/fintechcadence.com\/wp-content\/uploads\/2023\/01\/Visual-AF-PR-1-1-18x10.png 18w\" sizes=\"(max-width: 300px) 100vw, 300px\" \/><\/div>\n\t\t<\/a>\n\t\t\t\t<div class=\"elementor-post__text\">\n\t\t\t\t<h3 class=\"elementor-post__title\">\n\t\t\t<a href=\"https:\/\/fintechcadence.com\/fr\/blog-posts\/fintech-hub-now-available-to-atlantic-canadian-startups-to-accelerate-growth-atlantic-fintech-and-fintech-cadence-announce-expanded-partnership\/\" >\n\t\t\t\t<strong>Le Fintech Hub est maintenant disponible pour les Startups des maritimes afin d\u2019acc\u00e9l\u00e9rer la croissance. Atlantic Fintech et Fintech Cadence annoncent un partenariat \u00e9largi.<\/strong>\t\t\t<\/a>\n\t\t<\/h3>\n\t\t\t\t<div class=\"elementor-post__meta-data\">\n\t\t\t\t\t<span class=\"elementor-post-date\">\n\t\t\tjanvier 10, 2023\t\t<\/span>\n\t\t\t\t<span class=\"elementor-post-avatar\">\n\t\t\tPas de commentaire\t\t<\/span>\n\t\t\t\t<\/div>\n\t\t\t\t<div class=\"elementor-post__excerpt\">\n\t\t\t<p>Afin de soutenir la croissance du secteur Fintech \u00e0 travers les provinces maritimes, Atlantic Fintech et Fintech Cadence annoncent aujourd\u2019hui un partenariat qui permettra aux compagnies Fintech<\/p>\n\t\t<\/div>\n\t\t\n\t\t<a class=\"elementor-post__read-more\" href=\"https:\/\/fintechcadence.com\/fr\/blog-posts\/fintech-hub-now-available-to-atlantic-canadian-startups-to-accelerate-growth-atlantic-fintech-and-fintech-cadence-announce-expanded-partnership\/\" aria-label=\"Read more about &lt;strong&gt;Le Fintech Hub est maintenant disponible pour les Startups des maritimes afin d&rsquo;acc&eacute;l&eacute;rer la croissance. Atlantic Fintech et Fintech Cadence annoncent un partenariat &eacute;largi.&lt;\/strong&gt;\" tabindex=\"-1\" >\n\t\t\tLire plus \u00bb\t\t<\/a>\n\n\t\t\t\t<\/div>\n\t\t\t\t<\/article>\n\t\t\t\t<\/div>\n\t\t\n\t\t\t\t\t\t<\/div>\n\t\t\t\t<\/div>\n\t\t\t\t\t<\/div>\n\t\t<\/div>\n\t\t\t\t\t<\/div>\n\t\t<\/section>\n\t\t\t\t<\/div>","protected":false},"excerpt":{"rendered":"<p>Salle de Presse<\/p>","protected":false},"author":3,"featured_media":0,"parent":0,"menu_order":0,"comment_status":"closed","ping_status":"closed","template":"","meta":{"_coblocks_attr":"","_coblocks_dimensions":"","_coblocks_responsive_height":"","_coblocks_accordion_ie_support":"","footnotes":""},"class_list":["post-4220","page","type-page","status-publish","hentry"],"yoast_head":"<!-- This site is optimized with the Yoast SEO plugin v27.5 - https:\/\/yoast.com\/product\/yoast-seo-wordpress\/ -->\n<title>Press Room - Fintech Cadence | Canada&#039;s Fintech Hub<\/title>\n<meta name=\"robots\" content=\"index, follow, max-snippet:-1, max-image-preview:large, max-video-preview:-1\" \/>\n<link rel=\"canonical\" href=\"https:\/\/fintechcadence.com\/fr\/press-room\/\" \/>\n<meta property=\"og:locale\" content=\"fr_CA\" \/>\n<meta property=\"og:type\" content=\"article\" \/>\n<meta property=\"og:title\" content=\"Press Room - Fintech Cadence | Canada&#039;s Fintech Hub\" \/>\n<meta property=\"og:description\" content=\"FC Press Room\" \/>\n<meta property=\"og:url\" content=\"https:\/\/fintechcadence.com\/fr\/press-room\/\" \/>\n<meta property=\"og:site_name\" content=\"Fintech Cadence | Canada&#039;s Fintech Hub\" \/>\n<meta property=\"article:modified_time\" content=\"2025-11-24T18:02:14+00:00\" \/>\n<meta name=\"twitter:card\" content=\"summary_large_image\" \/>\n<meta name=\"twitter:label1\" content=\"Estimation du temps de lecture\" \/>\n\t<meta name=\"twitter:data1\" content=\"1 minute\" \/>\n<script type=\"application\/ld+json\" class=\"yoast-schema-graph\">{\"@context\":\"https:\\\/\\\/schema.org\",\"@graph\":[{\"@type\":\"WebPage\",\"@id\":\"https:\\\/\\\/fintechcadence.com\\\/press-room\\\/\",\"url\":\"https:\\\/\\\/fintechcadence.com\\\/press-room\\\/\",\"name\":\"Press Room - Fintech Cadence | Canada&#039;s Fintech Hub\",\"isPartOf\":{\"@id\":\"https:\\\/\\\/fintechcadence.com\\\/#website\"},\"datePublished\":\"2022-02-28T17:10:01+00:00\",\"dateModified\":\"2025-11-24T18:02:14+00:00\",\"breadcrumb\":{\"@id\":\"https:\\\/\\\/fintechcadence.com\\\/press-room\\\/#breadcrumb\"},\"inLanguage\":\"fr-CA\",\"potentialAction\":[{\"@type\":\"ReadAction\",\"target\":[\"https:\\\/\\\/fintechcadence.com\\\/press-room\\\/\"]}]},{\"@type\":\"BreadcrumbList\",\"@id\":\"https:\\\/\\\/fintechcadence.com\\\/press-room\\\/#breadcrumb\",\"itemListElement\":[{\"@type\":\"ListItem\",\"position\":1,\"name\":\"Home\",\"item\":\"https:\\\/\\\/fintechcadence.com\\\/\"},{\"@type\":\"ListItem\",\"position\":2,\"name\":\"Press Room\"}]},{\"@type\":\"WebSite\",\"@id\":\"https:\\\/\\\/fintechcadence.com\\\/#website\",\"url\":\"https:\\\/\\\/fintechcadence.com\\\/\",\"name\":\"Fintech Cadence | Canada&#039;s Fintech Hub\",\"description\":\"Canada&#039;s fintech hub\",\"publisher\":{\"@id\":\"https:\\\/\\\/fintechcadence.com\\\/#organization\"},\"potentialAction\":[{\"@type\":\"SearchAction\",\"target\":{\"@type\":\"EntryPoint\",\"urlTemplate\":\"https:\\\/\\\/fintechcadence.com\\\/?s={search_term_string}\"},\"query-input\":{\"@type\":\"PropertyValueSpecification\",\"valueRequired\":true,\"valueName\":\"search_term_string\"}}],\"inLanguage\":\"fr-CA\"},{\"@type\":\"Organization\",\"@id\":\"https:\\\/\\\/fintechcadence.com\\\/#organization\",\"name\":\"Fintech Cadence | Canada&#039;s Fintech Hub\",\"url\":\"https:\\\/\\\/fintechcadence.com\\\/\",\"logo\":{\"@type\":\"ImageObject\",\"inLanguage\":\"fr-CA\",\"@id\":\"https:\\\/\\\/fintechcadence.com\\\/#\\\/schema\\\/logo\\\/image\\\/\",\"url\":\"https:\\\/\\\/fintechcadence.com\\\/wp-content\\\/uploads\\\/2020\\\/08\\\/cropped-FC-logo-White.png\",\"contentUrl\":\"https:\\\/\\\/fintechcadence.com\\\/wp-content\\\/uploads\\\/2020\\\/08\\\/cropped-FC-logo-White.png\",\"width\":1148,\"height\":328,\"caption\":\"Fintech Cadence | Canada&#039;s Fintech Hub\"},\"image\":{\"@id\":\"https:\\\/\\\/fintechcadence.com\\\/#\\\/schema\\\/logo\\\/image\\\/\"}}]}<\/script>\n<!-- \/ Yoast SEO plugin. -->","yoast_head_json":{"title":"Press Room - Fintech Cadence | Canada&#039;s Fintech Hub","robots":{"index":"index","follow":"follow","max-snippet":"max-snippet:-1","max-image-preview":"max-image-preview:large","max-video-preview":"max-video-preview:-1"},"canonical":"https:\/\/fintechcadence.com\/fr\/press-room\/","og_locale":"fr_CA","og_type":"article","og_title":"Press Room - Fintech Cadence | Canada&#039;s Fintech Hub","og_description":"FC Press Room","og_url":"https:\/\/fintechcadence.com\/fr\/press-room\/","og_site_name":"Fintech Cadence | Canada&#039;s Fintech Hub","article_modified_time":"2025-11-24T18:02:14+00:00","twitter_card":"summary_large_image","twitter_misc":{"Estimation du temps de lecture":"1 minute"},"schema":{"@context":"https:\/\/schema.org","@graph":[{"@type":"WebPage","@id":"https:\/\/fintechcadence.com\/press-room\/","url":"https:\/\/fintechcadence.com\/press-room\/","name":"Press Room - Fintech Cadence | Canada&#039;s Fintech Hub","isPartOf":{"@id":"https:\/\/fintechcadence.com\/#website"},"datePublished":"2022-02-28T17:10:01+00:00","dateModified":"2025-11-24T18:02:14+00:00","breadcrumb":{"@id":"https:\/\/fintechcadence.com\/press-room\/#breadcrumb"},"inLanguage":"fr-CA","potentialAction":[{"@type":"ReadAction","target":["https:\/\/fintechcadence.com\/press-room\/"]}]},{"@type":"BreadcrumbList","@id":"https:\/\/fintechcadence.com\/press-room\/#breadcrumb","itemListElement":[{"@type":"ListItem","position":1,"name":"Home","item":"https:\/\/fintechcadence.com\/"},{"@type":"ListItem","position":2,"name":"Press Room"}]},{"@type":"WebSite","@id":"https:\/\/fintechcadence.com\/#website","url":"https:\/\/fintechcadence.com\/","name":"Fintech Cadence | Canada&#039;s Fintech Hub","description":"Canada&#039;s fintech hub","publisher":{"@id":"https:\/\/fintechcadence.com\/#organization"},"potentialAction":[{"@type":"SearchAction","target":{"@type":"EntryPoint","urlTemplate":"https:\/\/fintechcadence.com\/?s={search_term_string}"},"query-input":{"@type":"PropertyValueSpecification","valueRequired":true,"valueName":"search_term_string"}}],"inLanguage":"fr-CA"},{"@type":"Organization","@id":"https:\/\/fintechcadence.com\/#organization","name":"Fintech Cadence | Canada&#039;s Fintech Hub","url":"https:\/\/fintechcadence.com\/","logo":{"@type":"ImageObject","inLanguage":"fr-CA","@id":"https:\/\/fintechcadence.com\/#\/schema\/logo\/image\/","url":"https:\/\/fintechcadence.com\/wp-content\/uploads\/2020\/08\/cropped-FC-logo-White.png","contentUrl":"https:\/\/fintechcadence.com\/wp-content\/uploads\/2020\/08\/cropped-FC-logo-White.png","width":1148,"height":328,"caption":"Fintech Cadence | Canada&#039;s Fintech Hub"},"image":{"@id":"https:\/\/fintechcadence.com\/#\/schema\/logo\/image\/"}}]}},"_links":{"self":[{"href":"https:\/\/fintechcadence.com\/fr\/wp-json\/wp\/v2\/pages\/4220","targetHints":{"allow":["GET"]}}],"collection":[{"href":"https:\/\/fintechcadence.com\/fr\/wp-json\/wp\/v2\/pages"}],"about":[{"href":"https:\/\/fintechcadence.com\/fr\/wp-json\/wp\/v2\/types\/page"}],"author":[{"embeddable":true,"href":"https:\/\/fintechcadence.com\/fr\/wp-json\/wp\/v2\/users\/3"}],"replies":[{"embeddable":true,"href":"https:\/\/fintechcadence.com\/fr\/wp-json\/wp\/v2\/comments?post=4220"}],"version-history":[{"count":10,"href":"https:\/\/fintechcadence.com\/fr\/wp-json\/wp\/v2\/pages\/4220\/revisions"}],"predecessor-version":[{"id":4241,"href":"https:\/\/fintechcadence.com\/fr\/wp-json\/wp\/v2\/pages\/4220\/revisions\/4241"}],"wp:attachment":[{"href":"https:\/\/fintechcadence.com\/fr\/wp-json\/wp\/v2\/media?parent=4220"}],"curies":[{"name":"wp","href":"https:\/\/api.w.org\/{rel}","templated":true}]}}